{"id":77,"date":"2016-12-09T05:52:06","date_gmt":"2016-12-09T05:52:06","guid":{"rendered":"https:\/\/ninetheme.com\/themes\/foevis\/?page_id=2"},"modified":"2023-09-19T13:19:29","modified_gmt":"2023-09-19T13:19:29","slug":"home","status":"publish","type":"page","link":"https:\/\/smartbrake.mooseinc.eu\/index.php\/pl\/home\/","title":{"rendered":"Home 1"},"content":{"rendered":"<p>[vc_row full_height=&#8221;yes&#8221; css=&#8221;.vc_custom_1694094101963{background-image: url(https:\/\/smartbrake.mooseinc.eu\/wp-content\/uploads\/2022\/06\/Group-23.png?id=221) !important;background-position: center !important;background-repeat: no-repeat !important;background-size: cover !important;}&#8221;][vc_column][vc_row_inner][vc_column_inner][vc_single_image image=&#8221;542&#8243; img_size=&#8221;&#8221; alignment=&#8221;right&#8221; onclick=&#8221;custom_link&#8221; link=&#8221;https:\/\/smartbrake.mooseinc.eu\/&#8221; el_class=&#8221;flag-icon&#8221;][\/vc_column_inner][\/vc_row_inner][vc_row_inner][vc_column_inner width=&#8221;1\/6&#8243;][\/vc_column_inner][vc_column_inner width=&#8221;2\/3&#8243;][vc_single_image image=&#8221;252&#8243; img_size=&#8221;large&#8221; alignment=&#8221;right&#8221; css_animation=&#8221;fadeInDown&#8221;][vc_custom_heading text=&#8221;Inteligentny system hamowania rowerku dzieci\u0119cego&#8221; font_container=&#8221;tag:p|font_size:1.3em|text_align:right|color:%23ffffff&#8221; google_fonts=&#8221;font_family:PT%20Sans%3Aregular%2Citalic%2C700%2C700italic|font_style:400%20regular%3A400%3Anormal&#8221; css_animation=&#8221;fadeInRight&#8221; css=&#8221;.vc_custom_1663146656567{margin-top: -40px !important;}&#8221;][\/vc_column_inner][vc_column_inner width=&#8221;1\/6&#8243;][\/vc_column_inner][\/vc_row_inner][\/vc_column][\/vc_row][vc_row full_height=&#8221;yes&#8221; content_placement=&#8221;middle&#8221; disable_element=&#8221;yes&#8221; css=&#8221;.vc_custom_1694094122500{background-image: url(https:\/\/smartbrake.mooseinc.eu\/wp-content\/uploads\/2022\/06\/Group-23.png?id=221) !important;background-position: center !important;background-repeat: no-repeat !important;background-size: cover !important;}&#8221;][vc_column width=&#8221;1\/6&#8243;][\/vc_column][vc_column width=&#8221;2\/3&#8243;][vc_single_image image=&#8221;252&#8243; img_size=&#8221;large&#8221; alignment=&#8221;right&#8221; css_animation=&#8221;fadeInDown&#8221;][vc_custom_heading text=&#8221;Inteligentny system hamowania rowerku dzieci\u0119cego&#8221; font_container=&#8221;tag:p|font_size:1.3em|text_align:right|color:%23ffffff&#8221; google_fonts=&#8221;font_family:PT%20Sans%3Aregular%2Citalic%2C700%2C700italic|font_style:400%20regular%3A400%3Anormal&#8221; css_animation=&#8221;fadeInRight&#8221; css=&#8221;.vc_custom_1663146656567{margin-top: -40px !important;}&#8221;][\/vc_column][vc_column width=&#8221;1\/6&#8243;][vc_single_image image=&#8221;542&#8243; img_size=&#8221;&#8221;][\/vc_column][\/vc_row][vc_row full_height=&#8221;yes&#8221; disable_element=&#8221;yes&#8221;][vc_column][vc_column_text][rev_slider alias=&#8221;homeslider1&#8243;][\/vc_column_text][\/vc_column][\/vc_row][vc_row content_placement=&#8221;middle&#8221; el_id=&#8221;about&#8221;][vc_column]<!-- About us --><section id=\"about\" class=\"about\"><div class=\"container\"><div class=\"row\"><div class=\"col-md-7 first_big_section\"><img decoding=\"async\" src=\"https:\/\/smartbrake.mooseinc.eu\/wp-content\/uploads\/2022\/09\/system-1.png\" alt=\"about\"><\/div><div class=\"col-md-5 second_big_section\"><h2 >O nas<\/h2><p >SmartBrake - jest to system hamowania rowerku dzieci\u0119cego, w kt\u00f3rego sk\u0142ad wchodzi mechanizm oraz aplikacja. Mechanizm umo\u017cliwi zatrzymanie lub zmniejszenie pr\u0119dko\u015bci dziecka w momencie, gdy na horyzoncie pojawi si\u0119 niebezpiecze\u0144stwo. Aplikacja pozwala na podgl\u0105d aktualnej lokalizacji roweru dziecka, ustawienie bezpiecznej odleg\u0142o\u015bci w trakcie wycieczek rowerowych oraz ustawiania wirtualnych obszar\u00f3w, po kt\u00f3rych mo\u017ce porusza\u0107 si\u0119 dziecko. Dodatkowo aplikacja zbiera dane z przejechanych tras.<\/p><\/div><\/div><\/div><!-- Progress steps --><section id=\"progress_steps\" class=\"progress_steps\"><div class=\"container\"><div class=\"row\"><div class=\"col-md-3 step\"><h4>pomys\u0142<\/h4><p>Jak poprawi\u0107 bezpiecze\u0144stwo dzieci<\/p><p class=\"number\">01<\/p><\/div><div class=\"col-md-3 step\"><h4>plan<\/h4><p>Sprecyzowanie przysz\u0142ych dza\u0142a\u0144<\/p><p class=\"number\">02<\/p><\/div><div class=\"col-md-3 step\"><h4>projekt<\/h4><p>Stworzenie najlepszego designu<\/p><p class=\"number\">03<\/p><\/div><div class=\"col-md-3 step\"><h4>kodowanie<\/h4><p>Praca najlepszych programist\u00f3w<\/p><p class=\"number\">04<\/p><\/div><\/div><\/div><\/section><\/section>[\/vc_column][\/vc_row][vc_row equal_height=&#8221;yes&#8221; el_id=&#8221;mobile&#8221;][vc_column width=&#8221;1\/2&#8243; nt_foevis_vc_column_992=&#8221;.vc_custom_1656000430163{background-color: #f7f7f7 !important;}&#8221; css=&#8221;.vc_custom_1656000430163{background-color: #f7f7f7 !important;}&#8221;][vc_single_image image=&#8221;282&#8243; img_size=&#8221;full&#8221; alignment=&#8221;center&#8221;][\/vc_column][vc_column width=&#8221;1\/2&#8243; css=&#8221;.vc_custom_1656001595541{padding-top: 10% !important;padding-bottom: 10% !important;padding-left: 10% !important;background-color: #eeb501 !important;}&#8221;][vc_custom_heading text=&#8221;System<br \/>\npozwala na:&#8221; font_container=&#8221;tag:h2|text_align:left|color:%23ffffff&#8221; google_fonts=&#8221;font_family:PT%20Sans%3Aregular%2Citalic%2C700%2C700italic|font_style:700%20bold%20regular%3A700%3Anormal&#8221;][vc_column_text css=&#8221;.vc_custom_1695129563705{padding-left: 15px !important;}&#8221;]<\/p>\n<ul>\n<li>Ograniczenie jazdy do danej przestrzeni,<\/li>\n<li>Ograniczenie pr\u0119dko\u015bci jazdy,<\/li>\n<li>Zdalne, bezprzewodowe zatrzymanie\/spowolnienie roweru dziecka przez rodzica,<\/li>\n<li>Zapewnienie stabilno\u015bci roweru podczas hamowania,<\/li>\n<li>Mo\u017cliwo\u015b\u0107 ustawienia dopuszczalnej odleg\u0142o\u015bci dziecka do rodzica w zakresie od 5 do\u00a0 do 50 m,<\/li>\n<li>Sterowanie dost\u0119pne z opaski jak r\u00f3wnie\u017c z aplikacji mobilnej<\/li>\n<li>Pozycja i pr\u0119dko\u015b\u0107 z GPS,<\/li>\n<\/ul>\n<p>[\/vc_column_text][\/vc_column][\/vc_row][vc_row nt_foevis_container_display=&#8221;true&#8221; gap=&#8221;30&#8243; css=&#8221;.vc_custom_1656333068086{padding-top: 8% !important;padding-bottom: 8% !important;}&#8221; el_id=&#8221;features&#8221;][vc_column width=&#8221;1\/2&#8243; css=&#8221;.vc_custom_1654785930771{padding-right: 5% !important;padding-left: 5% !important;}&#8221;][vc_row_inner][vc_column_inner width=&#8221;1\/6&#8243;][vc_single_image image=&#8221;230&#8243; img_size=&#8221;&#8221; alignment=&#8221;center&#8221;][\/vc_column_inner][vc_column_inner width=&#8221;5\/6&#8243;][vc_custom_heading text=&#8221;OGRANICZENIE JAZDY DO DANEJ PRZESTRZENI&#8221; font_container=&#8221;tag:p|text_align:left&#8221; google_fonts=&#8221;font_family:PT%20Sans%3Aregular%2Citalic%2C700%2C700italic|font_style:700%20bold%20regular%3A700%3Anormal&#8221;][vc_column_text][\/vc_column_text][\/vc_column_inner][\/vc_row_inner][vc_row_inner][vc_column_inner width=&#8221;1\/6&#8243;][vc_single_image image=&#8221;233&#8243; img_size=&#8221;&#8221; alignment=&#8221;center&#8221;][\/vc_column_inner][vc_column_inner width=&#8221;5\/6&#8243;][vc_custom_heading text=&#8221;ZDALNE, BEZPRZEWODOWE ZATRZYMANIE\/SPOWOLNIENIE ROWERU DZIECKA PRZEZ RODZICA&#8221; font_container=&#8221;tag:p|text_align:left&#8221; google_fonts=&#8221;font_family:PT%20Sans%3Aregular%2Citalic%2C700%2C700italic|font_style:700%20bold%20regular%3A700%3Anormal&#8221;][vc_column_text][\/vc_column_text][\/vc_column_inner][\/vc_row_inner][vc_row_inner][vc_column_inner width=&#8221;1\/6&#8243;][vc_single_image image=&#8221;234&#8243; img_size=&#8221;&#8221; alignment=&#8221;center&#8221;][\/vc_column_inner][vc_column_inner width=&#8221;5\/6&#8243;][vc_custom_heading text=&#8221;MINIMALNY ZASI\u0118G DZIA\u0141ANIA 50 M&#8221; font_container=&#8221;tag:p|text_align:left&#8221; google_fonts=&#8221;font_family:PT%20Sans%3Aregular%2Citalic%2C700%2C700italic|font_style:700%20bold%20regular%3A700%3Anormal&#8221;][vc_column_text][\/vc_column_text][\/vc_column_inner][\/vc_row_inner][vc_row_inner][vc_column_inner width=&#8221;1\/6&#8243;][vc_single_image image=&#8221;235&#8243; img_size=&#8221;&#8221; alignment=&#8221;center&#8221;][\/vc_column_inner][vc_column_inner width=&#8221;5\/6&#8243;][vc_custom_heading text=&#8221;STEROWANIE DOST\u0118PNE Z OPASKI&#8221; font_container=&#8221;tag:p|text_align:left&#8221; google_fonts=&#8221;font_family:PT%20Sans%3Aregular%2Citalic%2C700%2C700italic|font_style:700%20bold%20regular%3A700%3Anormal&#8221;][vc_column_text][\/vc_column_text][\/vc_column_inner][\/vc_row_inner][\/vc_column][vc_column width=&#8221;1\/2&#8243;][vc_row_inner][vc_column_inner width=&#8221;1\/6&#8243;][vc_single_image image=&#8221;238&#8243; img_size=&#8221;&#8221; alignment=&#8221;center&#8221;][\/vc_column_inner][vc_column_inner width=&#8221;5\/6&#8243;][vc_custom_heading text=&#8221;OGRANICZENIE PR\u0118DKO\u015aCI JAZDY&#8221; font_container=&#8221;tag:p|text_align:left&#8221; google_fonts=&#8221;font_family:PT%20Sans%3Aregular%2Citalic%2C700%2C700italic|font_style:700%20bold%20regular%3A700%3Anormal&#8221;][vc_column_text][\/vc_column_text][\/vc_column_inner][\/vc_row_inner][vc_row_inner][vc_column_inner width=&#8221;1\/6&#8243;][vc_single_image image=&#8221;237&#8243; img_size=&#8221;&#8221; alignment=&#8221;center&#8221;][\/vc_column_inner][vc_column_inner width=&#8221;5\/6&#8243;][vc_custom_heading text=&#8221;ZAPEWNIENIE STABILNO\u015aCI ROWERU PODCZAS HAMOWANIA&#8221; font_container=&#8221;tag:p|text_align:left&#8221; google_fonts=&#8221;font_family:PT%20Sans%3Aregular%2Citalic%2C700%2C700italic|font_style:700%20bold%20regular%3A700%3Anormal&#8221;][vc_column_text][\/vc_column_text][\/vc_column_inner][\/vc_row_inner][vc_row_inner][vc_column_inner width=&#8221;1\/6&#8243;][vc_single_image image=&#8221;236&#8243; img_size=&#8221;&#8221; alignment=&#8221;center&#8221;][\/vc_column_inner][vc_column_inner width=&#8221;5\/6&#8243;][vc_custom_heading text=&#8221;POZYCJA I PR\u0118DKO\u015a\u0106 Z GPS&#8221; font_container=&#8221;tag:p|text_align:left&#8221; google_fonts=&#8221;font_family:PT%20Sans%3Aregular%2Citalic%2C700%2C700italic|font_style:700%20bold%20regular%3A700%3Anormal&#8221;][vc_column_text][\/vc_column_text][\/vc_column_inner][\/vc_row_inner][vc_row_inner][vc_column_inner width=&#8221;1\/6&#8243;][vc_single_image image=&#8221;239&#8243; img_size=&#8221;&#8221; alignment=&#8221;center&#8221;][\/vc_column_inner][vc_column_inner width=&#8221;5\/6&#8243;][vc_custom_heading text=&#8221;STEROWANIE DOST\u0118PNE Z APLIKACJI MOBILNEJ&#8221; font_container=&#8221;tag:p|text_align:left&#8221; google_fonts=&#8221;font_family:PT%20Sans%3Aregular%2Citalic%2C700%2C700italic|font_style:700%20bold%20regular%3A700%3Anormal&#8221;][vc_column_text][\/vc_column_text][\/vc_column_inner][\/vc_row_inner][\/vc_column][\/vc_row][vc_row nt_foevis_container_display=&#8221;true&#8221; full_width=&#8221;stretch_row&#8221; equal_height=&#8221;yes&#8221; css=&#8221;.vc_custom_1694088536126{background-color: #f2f2f2 !important;}&#8221; nt_foevis_vc_row_992_responsive=&#8221;.vc_custom_1694088536127{padding-right: 0px !important;}&#8221;][vc_column width=&#8221;1\/2&#8243; css=&#8221;.vc_custom_1656413651883{padding-right: 6% !important;padding-left: 6% !important;}&#8221;][vc_custom_heading text=&#8221;Innowacja&#8221; google_fonts=&#8221;font_family:PT%20Sans%3Aregular%2Citalic%2C700%2C700italic|font_style:700%20bold%20regular%3A700%3Anormal&#8221; css=&#8221;.vc_custom_1656413584368{padding-top: 15% !important;}&#8221;][vc_column_text css=&#8221;.vc_custom_1655999948395{padding-bottom: 10% !important;}&#8221;]Czy\u017c to nie wspaniale czu\u0107 swobod\u0119 podczas przeja\u017cd\u017cki rowerowej? Czy jako dzieci nie chcieli\u015bmy tylko p\u0119dzi\u0107 przed siebie byle szybciej, byle dalej, poczu\u0107 wiatr we w\u0142osach i zobaczy\u0107 k\u0142\u0119by kurzu unosz\u0105ce si\u0119 w \u015blad za nami?<\/p>\n<p>Wraz z biegiem lat, gdy sami stajemy si\u0119 obserwatorami takich wyczyn\u00f3w trudno o swobod\u0119, luz i dobr\u0105 zabaw\u0119, wiedz\u0105c , \u017ce tu\u017c za rogiem mo\u017ce czyha\u0107 niebezpiecze\u0144stwo. Ma\u0142y rowerzysta nie ma tej wyobra\u017ani, \u015bwiadomo\u015bci i nie boi si\u0119, \u017ce co\u015b mo\u017ce si\u0119 sta\u0107. Kilkadziesi\u0105t lat temu by\u0142o mniej samochod\u00f3w, mniej dr\u00f3g, a ruch by\u0142 spokojniejszy. Je\u017celi chodzi o nasze pociechy najwa\u017cniejsze jest bezpiecze\u0144stwo, kt\u00f3re w takich sytuacjach zapewni Wam nasz innowacyjny system hamowania SmartBRAKE![\/vc_column_text][\/vc_column][vc_column width=&#8221;1\/2&#8243; css=&#8221;.vc_custom_1694088555964{background-image: url(https:\/\/smartbrake.mooseinc.eu\/wp-content\/uploads\/2022\/06\/dad-teaches-son-to-ride-a-bike-in-the-park.png?id=224) !important;}&#8221; nt_foevis_vc_column_992=&#8221;.vc_custom_1694088555964{padding-right: 0px !important;}&#8221;][\/vc_column][\/vc_row][vc_row nt_foevis_container_display=&#8221;true&#8221; full_width=&#8221;stretch_row&#8221; el_id=&#8221;portfolio&#8221;][vc_column width=&#8221;1\/2&#8243; nt_foevis_vc_column_992=&#8221;.vc_custom_1656330617323{padding-bottom: 70px !important;}&#8221;][vc_custom_heading text=&#8221;Modu\u0142y<br \/>\nSmart Brake&#8221; google_fonts=&#8221;font_family:PT%20Sans%3Aregular%2Citalic%2C700%2C700italic|font_style:700%20bold%20regular%3A700%3Anormal&#8221; css=&#8221;.vc_custom_1694079472559{padding-top: 15% !important;}&#8221;][vc_column_text]W sk\u0142ad pakietu wchodz\u0105 : urz\u0105dzenie montowane do rowerku, aplikacja oraz opaska na r\u0119k\u0119, kt\u00f3ra umo\u017cliwia kontrol\u0119 rowerku dzieci\u0119cego podczas jazdy.[\/vc_column_text][\/vc_column][vc_column width=&#8221;1\/2&#8243;]<!-- About company --><section id=\"portfolioSlider\" class=\"about_company\"><div class=\"container\"><div class=\"row\"><div class=\"col-md-6 first_big_section\"><\/div><div class=\"col-md-5 second_big_section\"><div class=\"cycle-slideshow\"\n    data-cycle-fx=\"scrollVert\"\n    data-cycle-timeout=\"7000\"\n    data-cycle-prev=\".up\"\n    data-cycle-next=\".down\"\n    data-cycle-caption=\".slide_number\"\n    data-cycle-caption-template=\"{{cycleTitle}}\"\n    ><img decoding=\"async\" src=\"https:\/\/smartbrake.mooseinc.eu\/wp-content\/uploads\/2016\/12\/CZESC1-2.png\" alt=\"about\" data-cycle-title=\"1\"><img decoding=\"async\" src=\"https:\/\/smartbrake.mooseinc.eu\/wp-content\/uploads\/2016\/12\/system-small.png\" alt=\"about\" data-cycle-title=\"2\"><img decoding=\"async\" src=\"https:\/\/smartbrake.mooseinc.eu\/wp-content\/uploads\/2023\/09\/zegarek.png\" alt=\"about\" data-cycle-title=\"3\"><\/div><\/div><div class=\"col-md-1 third_big_section arrows_controls\"><a href=\"#\" class=\"up\"><i class=\"fa fa-long-arrow-up\"><\/i><\/a><div class=\"slide_number\"><\/div><a href=\"#\" class=\"down\"><i class=\"fa fa-long-arrow-down\"><\/i><\/a><\/div><\/div><\/div><\/section>[\/vc_column][\/vc_row][vc_row nt_foevis_container_display=&#8221;true&#8221; full_width=&#8221;stretch_row&#8221; disable_element=&#8221;yes&#8221;][vc_column width=&#8221;1\/2&#8243; nt_foevis_vc_column_992=&#8221;.vc_custom_1656330617323{padding-bottom: 70px !important;}&#8221;][vc_custom_heading text=&#8221;Modu\u0142y<br \/>\nSmart Brake&#8221; google_fonts=&#8221;font_family:PT%20Sans%3Aregular%2Citalic%2C700%2C700italic|font_style:700%20bold%20regular%3A700%3Anormal&#8221; css=&#8221;.vc_custom_1694079472559{padding-top: 15% !important;}&#8221;][vc_column_text]W sk\u0142ad pakietu wchodz\u0105 : urz\u0105dzenie montowane do rowerku, aplikacja oraz opaska na r\u0119k\u0119, kt\u00f3ra umo\u017cliwia kontrol\u0119 rowerku dzieci\u0119cego podczas jazdy.[\/vc_column_text][\/vc_column][vc_column width=&#8221;1\/2&#8243;]<!-- Portfolio --><section id=\"portfolio\" class=\"portfolio mobile-no\"><div class=\"container\"><div class=\"row\"><div class=\"col-md-5 first_big_section\"><h2>Modu\u0142y<br \/>\nSmart Brake<\/h2><div class=\"cycle-slideshow\"\n        data-cycle-fx=\"fade\"\n        data-cycle-timeout=\"0\"\n        data-cycle-slides=\"> div\"\n        data-cycle-prev=\".up\"\n        data-cycle-next=\".down\"\n        data-cycle-caption=\".portfolio_number\"\n        data-cycle-caption-template=\"{{cycleTitle}}\"\n        ><div class=\"portfolio_1\" data-cycle-title=\"1\"><h5>Modu\u0142y Smart Brake<\/h5><p><\/p><a href=\"https:\/\/smartbrake.mooseinc.eu\/?p=95\" class=\"btn_foevis btn_foevis_default\"><\/a><\/div><div class=\"portfolio_2\" data-cycle-title=\"2\"><h5>Modu\u0142y Smart Brake<\/h5><p><\/p><a href=\"https:\/\/smartbrake.mooseinc.eu\/?p=93\" class=\"btn_foevis btn_foevis_default\"><\/a><\/div><div class=\"portfolio_3\" data-cycle-title=\"3\"><h5>Modu\u0142y Smart Brake<\/h5><p><\/p><a href=\"https:\/\/smartbrake.mooseinc.eu\/?p=89\" class=\"btn_foevis btn_foevis_default\"><\/a><\/div><\/div><\/div><div class=\"col-md-6 second_big_section\"><div class=\"col-md-1 third_big_section arrows_controls mobile-controls\"><a href=\"#\" class=\"up\"><i class=\"fa fa-long-arrow-up\"><\/i><\/a><div class=\"portfolio_number\"><\/div><a href=\"#\" class=\"down\"><i class=\"fa fa-long-arrow-down\"><\/i><\/a><\/div><div class=\"cycle-slideshow\"\n        data-cycle-fx=\"scrollVert\"\n        data-cycle-timeout=\"0\"\n        data-cycle-prev=\".up\"\n        data-cycle-next=\".down\"\n        ><img loading=\"lazy\" decoding=\"async\" width=\"587\" height=\"343\" src=\"https:\/\/smartbrake.mooseinc.eu\/wp-content\/uploads\/2016\/12\/CZESC1-2.png\" class=\"attachment-large size-large wp-post-image\" alt=\"\" srcset=\"https:\/\/smartbrake.mooseinc.eu\/wp-content\/uploads\/2016\/12\/CZESC1-2.png 587w, https:\/\/smartbrake.mooseinc.eu\/wp-content\/uploads\/2016\/12\/CZESC1-2-300x175.png 300w\" sizes=\"auto, (max-width: 587px) 100vw, 587px\" \/><img loading=\"lazy\" decoding=\"async\" width=\"416\" height=\"295\" src=\"https:\/\/smartbrake.mooseinc.eu\/wp-content\/uploads\/2016\/12\/Zrzut-ekranu-2022-06-27-125916-e1694087146112.png\" class=\"attachment-large size-large wp-post-image\" alt=\"\" srcset=\"https:\/\/smartbrake.mooseinc.eu\/wp-content\/uploads\/2016\/12\/Zrzut-ekranu-2022-06-27-125916-e1694087146112.png 416w, https:\/\/smartbrake.mooseinc.eu\/wp-content\/uploads\/2016\/12\/Zrzut-ekranu-2022-06-27-125916-e1694087146112-300x213.png 300w\" sizes=\"auto, (max-width: 416px) 100vw, 416px\" \/><img loading=\"lazy\" decoding=\"async\" width=\"577\" height=\"576\" src=\"https:\/\/smartbrake.mooseinc.eu\/wp-content\/uploads\/2016\/12\/rendersbkwadrat-1.png\" class=\"attachment-large size-large wp-post-image\" alt=\"\" srcset=\"https:\/\/smartbrake.mooseinc.eu\/wp-content\/uploads\/2016\/12\/rendersbkwadrat-1.png 577w, https:\/\/smartbrake.mooseinc.eu\/wp-content\/uploads\/2016\/12\/rendersbkwadrat-1-300x300.png 300w, https:\/\/smartbrake.mooseinc.eu\/wp-content\/uploads\/2016\/12\/rendersbkwadrat-1-150x150.png 150w\" sizes=\"auto, (max-width: 577px) 100vw, 577px\" \/><\/div><\/div><div class=\"col-md-1 third_big_section arrows_controls\"><a href=\"#\" class=\"up\"><i class=\"fa fa-long-arrow-up\"><\/i><\/a><div class=\"portfolio_number\"><\/div><a href=\"#\" class=\"down\"><i class=\"fa fa-long-arrow-down\"><\/i><\/a><\/div><h2 class=\"mobile-heading\">Modu\u0142y<br \/>\nSmart Brake<\/h2><\/div><\/div><\/section>[\/vc_column][\/vc_row][vc_row nt_foevis_container_display=&#8221;true&#8221; full_width=&#8221;stretch_row&#8221; content_placement=&#8221;middle&#8221; disable_element=&#8221;yes&#8221; el_id=&#8221;gallery-mobile&#8221;][vc_column width=&#8221;1\/3&#8243; offset=&#8221;vc_col-xs-4&#8243;][vc_single_image image=&#8221;456&#8243; img_size=&#8221;&#8221; alignment=&#8221;center&#8221;][\/vc_column][vc_column width=&#8221;1\/3&#8243; offset=&#8221;vc_col-xs-4&#8243;][vc_single_image image=&#8221;445&#8243; img_size=&#8221;&#8221; alignment=&#8221;center&#8221;][\/vc_column][vc_column width=&#8221;1\/3&#8243; offset=&#8221;vc_col-xs-4&#8243;][vc_single_image image=&#8221;453&#8243; img_size=&#8221;&#8221; alignment=&#8221;center&#8221;][\/vc_column][\/vc_row]<\/p>\n","protected":false},"excerpt":{"rendered":"<p>[vc_row full_height=&#8221;yes&#8221; css=&#8221;.vc_custom_1694094101963{background-image: url(https:\/\/smartbrake.mooseinc.eu\/wp-content\/uploads\/2022\/06\/Group-23.png?id=221) !important;background-position: center !important;background-repeat: no-repeat !important;background-size: cover !important;}&#8221;][vc_column][vc_row_inner][vc_column_inner][vc_single_image image=&#8221;542&#8243; img_size=&#8221;&#8221; alignment=&#8221;right&#8221; onclick=&#8221;custom_link&#8221; link=&#8221;https:\/\/smartbrake.mooseinc.eu\/&#8221; el_class=&#8221;flag-icon&#8221;][\/vc_column_inner][\/vc_row_inner][vc_row_inner][vc_column_inner width=&#8221;1\/6&#8243;][\/vc_column_inner][vc_column_inner width=&#8221;2\/3&#8243;][vc_single_image image=&#8221;252&#8243; img_size=&#8221;large&#8221; alignment=&#8221;right&#8221; css_animation=&#8221;fadeInDown&#8221;][vc_custom_heading text=&#8221;Inteligentny system hamowania rowerku dzieci\u0119cego&#8221; font_container=&#8221;tag:p|font_size:1.3em|text_align:right|color:%23ffffff&#8221; google_fonts=&#8221;font_family:PT%20Sans%3Aregular%2Citalic%2C700%2C700italic|font_style:400%20regular%3A400%3Anormal&#8221; css_animation=&#8221;fadeInRight&#8221; css=&#8221;.vc_custom_1663146656567{margin-top: -40px !important;}&#8221;][\/vc_column_inner][vc_column_inner width=&#8221;1\/6&#8243;][\/vc_column_inner][\/vc_row_inner][\/vc_column][\/vc_row][vc_row full_height=&#8221;yes&#8221; content_placement=&#8221;middle&#8221; disable_element=&#8221;yes&#8221; css=&#8221;.vc_custom_1694094122500{background-image: url(https:\/\/smartbrake.mooseinc.eu\/wp-content\/uploads\/2022\/06\/Group-23.png?id=221) !important;background-position: center !important;background-repeat: no-repeat !important;background-size: cover !important;}&#8221;][vc_column width=&#8221;1\/6&#8243;][\/vc_column][vc_column width=&#8221;2\/3&#8243;][vc_single_image image=&#8221;252&#8243; img_size=&#8221;large&#8221; alignment=&#8221;right&#8221; css_animation=&#8221;fadeInDown&#8221;][vc_custom_heading text=&#8221;Inteligentny system [&hellip;]<\/p>\n","protected":false},"author":1,"featured_media":0,"parent":0,"menu_order":0,"comment_status":"closed","ping_status":"closed","template":"one-page-template.php","meta":{"footnotes":""},"class_list":["post-77","page","type-page","status-publish","hentry"],"_links":{"self":[{"href":"https:\/\/smartbrake.mooseinc.eu\/index.php\/wp-json\/wp\/v2\/pages\/77","targetHints":{"allow":["GET"]}}],"collection":[{"href":"https:\/\/smartbrake.mooseinc.eu\/index.php\/wp-json\/wp\/v2\/pages"}],"about":[{"href":"https:\/\/smartbrake.mooseinc.eu\/index.php\/wp-json\/wp\/v2\/types\/page"}],"author":[{"embeddable":true,"href":"https:\/\/smartbrake.mooseinc.eu\/index.php\/wp-json\/wp\/v2\/users\/1"}],"replies":[{"embeddable":true,"href":"https:\/\/smartbrake.mooseinc.eu\/index.php\/wp-json\/wp\/v2\/comments?post=77"}],"version-history":[{"count":15,"href":"https:\/\/smartbrake.mooseinc.eu\/index.php\/wp-json\/wp\/v2\/pages\/77\/revisions"}],"predecessor-version":[{"id":563,"href":"https:\/\/smartbrake.mooseinc.eu\/index.php\/wp-json\/wp\/v2\/pages\/77\/revisions\/563"}],"wp:attachment":[{"href":"https:\/\/smartbrake.mooseinc.eu\/index.php\/wp-json\/wp\/v2\/media?parent=77"}],"curies":[{"name":"wp","href":"https:\/\/api.w.org\/{rel}","templated":true}]}}